{"id":29,"date":"2024-09-25T12:55:42","date_gmt":"2024-09-25T12:55:42","guid":{"rendered":"https:\/\/www.majri.louisst.o2switch.site\/blog\/?page_id=29"},"modified":"2024-11-13T12:40:38","modified_gmt":"2024-11-13T12:40:38","slug":"football","status":"publish","type":"page","link":"https:\/\/www.majri.louisst.o2switch.site\/blog\/football\/","title":{"rendered":"Football"},"content":{"rendered":"\n<div class=\"wp-block-uagb-image alignleft uagb-block-73a5de13 wp-block-uagb-image--layout-default wp-block-uagb-image--effect-static wp-block-uagb-image--align-left\"><figure class=\"wp-block-uagb-image__figure\"><img decoding=\"async\" srcset=\"https:\/\/www.majri.louisst.o2switch.site\/blog\/wp-content\/uploads\/2024\/11\/stadium-4760441_1920-1024x683.jpg ,https:\/\/www.majri.louisst.o2switch.site\/blog\/wp-content\/uploads\/2024\/11\/stadium-4760441_1920.jpg 780w, https:\/\/www.majri.louisst.o2switch.site\/blog\/wp-content\/uploads\/2024\/11\/stadium-4760441_1920.jpg 360w\" sizes=\"auto, (max-width: 480px) 150px\" src=\"https:\/\/www.majri.louisst.o2switch.site\/blog\/wp-content\/uploads\/2024\/11\/stadium-4760441_1920-1024x683.jpg\" alt=\"\" class=\"uag-image-183\" width=\"508\" height=\"169\" title=\"stadium-4760441_1920\" loading=\"lazy\" role=\"img\"\/><\/figure><\/div>\n\n\n\n<p class=\"has-medium-font-size\">Le Football \u00e0 une place tr\u00e8s importante dans ma vie, je le pratique depuis l&rsquo;\u00e2ge de 5 ans et je suis pass\u00e9e par plusieurs club ( martel caluire , Fc limonest dardilly saint didier ) actuellement je joue au niveau r\u00e9gional et je m&rsquo;entraine 3 fois par semaine . J&rsquo;aime aussi regarder des match je supporte l&rsquo;olympique lyonnais ainsi que le real madrid depuis petit et les suis dans les diff\u00e9rentes comp\u00e9titions  je les soutiens depuis mon enfance que ce soit en Ligue 1 ou en Ligue des champions, je ne manque jamais leurs matchs et je prends plaisir \u00e0 suivre leur \u00e9volution, \u00e0 analyser les strat\u00e9gies de jeu et \u00e0 voir les performances de mes joueurs pr\u00e9f\u00e9r\u00e9s. Ces \u00e9quipes repr\u00e9sentent pour moi bien plus que des couleurs ; elles incarnent des valeurs, des histoires de r\u00e9ussite et de d\u00e9passement de soi qui me motivent et m\u2019inspirent. Suivre ces clubs est un v\u00e9ritable rituel, et chaque match est un moment de plaisir.<\/p>\n\n\n\n<div class=\"wp-block-uagb-image alignright uagb-block-8ced37dc wp-block-uagb-image--layout-default wp-block-uagb-image--effect-static wp-block-uagb-image--align-right\"><figure class=\"wp-block-uagb-image__figure\"><img decoding=\"async\" srcset=\"https:\/\/www.majri.louisst.o2switch.site\/blog\/wp-content\/uploads\/2024\/11\/boy-7056003_1280-1024x682.jpg ,https:\/\/www.majri.louisst.o2switch.site\/blog\/wp-content\/uploads\/2024\/11\/boy-7056003_1280.jpg 780w, https:\/\/www.majri.louisst.o2switch.site\/blog\/wp-content\/uploads\/2024\/11\/boy-7056003_1280.jpg 360w\" sizes=\"auto, (max-width: 480px) 150px\" src=\"https:\/\/www.majri.louisst.o2switch.site\/blog\/wp-content\/uploads\/2024\/11\/boy-7056003_1280-1024x682.jpg\" alt=\"\" class=\"uag-image-217\" width=\"585\" height=\"390\" title=\"boy-7056003_1280\" loading=\"lazy\" role=\"img\"\/><\/figure><\/div>\n\n\n\n<p><\/p>\n\n\n\n<p class=\"has-medium-font-size\">Le football a toujours \u00e9t\u00e9 un sport que j&rsquo;aime pratiquer tout d&rsquo;abord car mon p\u00e8re est coach de cette discipline et ma donc inculqu\u00e9 l&rsquo;amour de ce sport j&rsquo;aime le pratiquer en club ainsi qu&rsquo;avec des amis peu importe le temps le plaisir prend le dessus !Le football m\u2019a permis de rencontrer des gens formidables et de tisser des liens forts. Ce sport m\u2019a enseign\u00e9 l\u2019importance de la pers\u00e9v\u00e9rance, de l\u2019\u00e9coute et du respect, et ces valeurs me suivent au quotidien. Pour moi, le football est une passion profonde, un moteur qui me pousse \u00e0 me surpasser, \u00e0 donner le meilleur de moi-m\u00eame et \u00e0 partager des moments inoubliables.<\/p>\n\n\n\n<p class=\"has-white-background-color has-background has-medium-font-size\"><\/p>\n\n\n\n<div class=\"wp-block-uagb-image uagb-block-00b32727 wp-block-uagb-image--layout-default wp-block-uagb-image--effect-static wp-block-uagb-image--align-none\"><figure class=\"wp-block-uagb-image__figure\"><\/figure><\/div>\n\n\n\n<p><\/p>\n\n\n\n<p><\/p>\n\n\n\n<p><\/p>\n\n\n\n<p><\/p>\n\n\n\n<p><\/p>\n","protected":false},"excerpt":{"rendered":"<p>Le Football \u00e0 une place tr\u00e8s importante dans ma vie, je le pratique depuis l&rsquo;\u00e2ge de 5 ans et je [&hellip;]<\/p>\n","protected":false},"author":1,"featured_media":0,"parent":0,"menu_order":0,"comment_status":"closed","ping_status":"closed","template":"","meta":{"_uag_custom_page_level_css":"","site-sidebar-layout":"default","site-content-layout":"","ast-site-content-layout":"","site-content-style":"default","site-sidebar-style":"default","ast-global-header-display":"","ast-banner-title-visibility":"","ast-main-header-display":"","ast-hfb-above-header-display":"","ast-hfb-below-header-display":"","ast-hfb-mobile-header-display":"","site-post-title":"","ast-breadcrumbs-content":"","ast-featured-img":"","footer-sml-layout":"","theme-transparent-header-meta":"","adv-header-id-meta":"","stick-header-meta":"","header-above-stick-meta":"","header-main-stick-meta":"","header-below-stick-meta":"","astra-migrate-meta-layouts":"default","ast-page-background-enabled":"default","ast-page-background-meta":{"desktop":{"background-color":"var(--ast-global-color-4)","background-image":"","background-repeat":"repeat","background-position":"center center","background-size":"auto","background-attachment":"scroll","background-type":"","background-media":"","overlay-type":"","overlay-color":"","overlay-opacity":"","overlay-gradient":""},"tablet":{"background-color":"","background-image":"","background-repeat":"repeat","background-position":"center center","background-size":"auto","background-attachment":"scroll","background-type":"","background-media":"","overlay-type":"","overlay-color":"","overlay-opacity":"","overlay-gradient":""},"mobile":{"background-color":"","background-image":"","background-repeat":"repeat","background-position":"center center","background-size":"auto","background-attachment":"scroll","background-type":"","background-media":"","overlay-type":"","overlay-color":"","overlay-opacity":"","overlay-gradient":""}},"ast-content-background-meta":{"desktop":{"background-color":"var(--ast-global-color-5)","background-image":"","background-repeat":"repeat","background-position":"center center","background-size":"auto","background-attachment":"scroll","background-type":"","background-media":"","overlay-type":"","overlay-color":"","overlay-opacity":"","overlay-gradient":""},"tablet":{"background-color":"var(--ast-global-color-5)","background-image":"","background-repeat":"repeat","background-position":"center center","background-size":"auto","background-attachment":"scroll","background-type":"","background-media":"","overlay-type":"","overlay-color":"","overlay-opacity":"","overlay-gradient":""},"mobile":{"background-color":"var(--ast-global-color-5)","background-image":"","background-repeat":"repeat","background-position":"center center","background-size":"auto","background-attachment":"scroll","background-type":"","background-media":"","overlay-type":"","overlay-color":"","overlay-opacity":"","overlay-gradient":""}},"footnotes":""},"class_list":["post-29","page","type-page","status-publish","hentry"],"uagb_featured_image_src":{"full":false,"thumbnail":false,"medium":false,"medium_large":false,"large":false,"1536x1536":false,"2048x2048":false},"uagb_author_info":{"display_name":"admin","author_link":"https:\/\/www.majri.louisst.o2switch.site\/blog\/author\/admin\/"},"uagb_comment_info":0,"uagb_excerpt":"Le Football \u00e0 une place tr\u00e8s importante dans ma vie, je le pratique depuis l&rsquo;\u00e2ge de 5 ans et je [&hellip;]","_links":{"self":[{"href":"https:\/\/www.majri.louisst.o2switch.site\/blog\/wp-json\/wp\/v2\/pages\/29","targetHints":{"allow":["GET"]}}],"collection":[{"href":"https:\/\/www.majri.louisst.o2switch.site\/blog\/wp-json\/wp\/v2\/pages"}],"about":[{"href":"https:\/\/www.majri.louisst.o2switch.site\/blog\/wp-json\/wp\/v2\/types\/page"}],"author":[{"embeddable":true,"href":"https:\/\/www.majri.louisst.o2switch.site\/blog\/wp-json\/wp\/v2\/users\/1"}],"replies":[{"embeddable":true,"href":"https:\/\/www.majri.louisst.o2switch.site\/blog\/wp-json\/wp\/v2\/comments?post=29"}],"version-history":[{"count":14,"href":"https:\/\/www.majri.louisst.o2switch.site\/blog\/wp-json\/wp\/v2\/pages\/29\/revisions"}],"predecessor-version":[{"id":290,"href":"https:\/\/www.majri.louisst.o2switch.site\/blog\/wp-json\/wp\/v2\/pages\/29\/revisions\/290"}],"wp:attachment":[{"href":"https:\/\/www.majri.louisst.o2switch.site\/blog\/wp-json\/wp\/v2\/media?parent=29"}],"curies":[{"name":"wp","href":"https:\/\/api.w.org\/{rel}","templated":true}]}}