{"id":31,"date":"2024-09-25T12:56:00","date_gmt":"2024-09-25T12:56:00","guid":{"rendered":"https:\/\/www.majri.louisst.o2switch.site\/blog\/?page_id=31"},"modified":"2024-11-13T12:40:09","modified_gmt":"2024-11-13T12:40:09","slug":"voyages","status":"publish","type":"page","link":"https:\/\/www.majri.louisst.o2switch.site\/blog\/voyages\/","title":{"rendered":"Voyages"},"content":{"rendered":"\n<p class=\"has-medium-font-size\">Bienvenue dans la cat\u00e9gorie voyage ici, je partage mes aventures \u00e0 travers les diff\u00e9rents pays , mes d\u00e9couvertes culturelles, mes exp\u00e9riences et mes conseils pour ceux qui souhaitent voyage Chaque pays, chaque ville chaque rencontre est une histoire \u00e0 raconter.<\/p>\n\n\n\n<div class=\"wp-block-uagb-image alignleft uagb-block-3013d83f wp-block-uagb-image--layout-default wp-block-uagb-image--effect-static wp-block-uagb-image--align-left\"><figure class=\"wp-block-uagb-image__figure\"><img decoding=\"async\" srcset=\"https:\/\/www.majri.louisst.o2switch.site\/blog\/wp-content\/uploads\/2024\/11\/bridge-8016809_1280-1024x682.jpg ,https:\/\/www.majri.louisst.o2switch.site\/blog\/wp-content\/uploads\/2024\/11\/bridge-8016809_1280.jpg 780w, https:\/\/www.majri.louisst.o2switch.site\/blog\/wp-content\/uploads\/2024\/11\/bridge-8016809_1280.jpg 360w\" sizes=\"auto, (max-width: 480px) 150px\" src=\"https:\/\/www.majri.louisst.o2switch.site\/blog\/wp-content\/uploads\/2024\/11\/bridge-8016809_1280-1024x682.jpg\" alt=\"\" class=\"uag-image-226\" width=\"333\" height=\"12\" title=\"bridge-8016809_1280\" loading=\"lazy\" role=\"img\"\/><\/figure><\/div>\n\n\n\n<div class=\"wp-block-uagb-advanced-heading uagb-block-367cd266\"><\/div>\n\n\n\n<p class=\"has-medium-font-size\">      Les voyages sont pour moi un plaisir unique, car ils permettent de rencontrer de nouvelles personnes ainsi que de d\u00e9couvrir de nouvelles cultures. Personnellement, j&rsquo;ai eu la chance de visiter diff\u00e9rents pays : les \u00c9tats-Unis, la Turquie, l&rsquo;Angleterre, l&rsquo;Espagne, la Suisse et l&rsquo;Allemagne.<\/p>\n\n\n\n<p><\/p>\n\n\n\n<div class=\"wp-block-uagb-image alignright uagb-block-eb90f81a wp-block-uagb-image--layout-default wp-block-uagb-image--effect-static wp-block-uagb-image--align-right\"><figure class=\"wp-block-uagb-image__figure\"><img decoding=\"async\" srcset=\"https:\/\/www.majri.louisst.o2switch.site\/blog\/wp-content\/uploads\/2024\/11\/sea-442399_1280-1024x682.jpg ,https:\/\/www.majri.louisst.o2switch.site\/blog\/wp-content\/uploads\/2024\/11\/sea-442399_1280.jpg 780w, https:\/\/www.majri.louisst.o2switch.site\/blog\/wp-content\/uploads\/2024\/11\/sea-442399_1280.jpg 360w\" sizes=\"auto, (max-width: 480px) 150px\" src=\"https:\/\/www.majri.louisst.o2switch.site\/blog\/wp-content\/uploads\/2024\/11\/sea-442399_1280-1024x682.jpg\" alt=\"\" class=\"uag-image-228\" width=\"282\" height=\"170\" title=\"sea-442399_1280\" loading=\"lazy\" role=\"img\"\/><\/figure><\/div>\n\n\n\n<p><\/p>\n\n\n\n<p class=\"has-medium-font-size\">     Les voyages permettent \u00e9galement de s&rsquo;enrichir culturellement et de d\u00e9couvrir de nouveaux paysages. Toutefois, il est essentiel de bien s&rsquo;informer sur les pays que l&rsquo;on souhaite visiter, car il peut exister des vaccins obligatoires ou des r\u00e8gles particuli\u00e8res. Par exemple, si l&rsquo;on se rend \u00e0 Cuba, il est interdit de se rendre aux \u00c9tats-Unis pendant cinq ans apr\u00e8s son s\u00e9jour.<\/p>\n\n\n\n<hr class=\"wp-block-separator has-alpha-channel-opacity is-style-wide\"\/>\n\n\n\n<p class=\"has-medium-font-size\">Quelques conseil pour voyager<\/p>\n\n\n\n<p><strong>Pr\u00e9parer son voyage \u00e0 l\u2019avance :<\/strong> Renseignez-vous sur les locaux , les r\u00e8gles de s\u00e9curit\u00e9, et les endroits \u00e0 ne pas manquer .<\/p>\n\n\n\n<p><strong>Rencontrer les locaux :<\/strong> Les meilleures exp\u00e9riences viennent souvent des \u00e9changes avec les habitants. N&rsquo;ayez pas peur de parler avec les locaux, m\u00eame si ce n&rsquo;est qu&rsquo;un petit mot dans leur langue.<\/p>\n\n\n\n<p><strong>Pr\u00e9parer son Programme a l&rsquo;avance<\/strong> : En se pr\u00e9parent bien le voyage pourra \u00eatre mieux organis\u00e9 et permettra de ne rien louper .<\/p>\n\n\n\n<p><\/p>\n","protected":false},"excerpt":{"rendered":"<p>Bienvenue dans la cat\u00e9gorie voyage ici, je partage mes aventures \u00e0 travers les diff\u00e9rents pays , mes d\u00e9couvertes culturelles, mes [&hellip;]<\/p>\n","protected":false},"author":1,"featured_media":0,"parent":0,"menu_order":0,"comment_status":"closed","ping_status":"closed","template":"","meta":{"_uag_custom_page_level_css":"","site-sidebar-layout":"default","site-content-layout":"","ast-site-content-layout":"","site-content-style":"default","site-sidebar-style":"default","ast-global-header-display":"","ast-banner-title-visibility":"","ast-main-header-display":"","ast-hfb-above-header-display":"","ast-hfb-below-header-display":"","ast-hfb-mobile-header-display":"","site-post-title":"","ast-breadcrumbs-content":"","ast-featured-img":"","footer-sml-layout":"","theme-transparent-header-meta":"","adv-header-id-meta":"","stick-header-meta":"","header-above-stick-meta":"","header-main-stick-meta":"","header-below-stick-meta":"","astra-migrate-meta-layouts":"default","ast-page-background-enabled":"default","ast-page-background-meta":{"desktop":{"background-color":"var(--ast-global-color-4)","background-image":"","background-repeat":"repeat","background-position":"center center","background-size":"auto","background-attachment":"scroll","background-type":"","background-media":"","overlay-type":"","overlay-color":"","overlay-opacity":"","overlay-gradient":""},"tablet":{"background-color":"","background-image":"","background-repeat":"repeat","background-position":"center center","background-size":"auto","background-attachment":"scroll","background-type":"","background-media":"","overlay-type":"","overlay-color":"","overlay-opacity":"","overlay-gradient":""},"mobile":{"background-color":"","background-image":"","background-repeat":"repeat","background-position":"center center","background-size":"auto","background-attachment":"scroll","background-type":"","background-media":"","overlay-type":"","overlay-color":"","overlay-opacity":"","overlay-gradient":""}},"ast-content-background-meta":{"desktop":{"background-color":"var(--ast-global-color-5)","background-image":"","background-repeat":"repeat","background-position":"center center","background-size":"auto","background-attachment":"scroll","background-type":"","background-media":"","overlay-type":"","overlay-color":"","overlay-opacity":"","overlay-gradient":""},"tablet":{"background-color":"var(--ast-global-color-5)","background-image":"","background-repeat":"repeat","background-position":"center center","background-size":"auto","background-attachment":"scroll","background-type":"","background-media":"","overlay-type":"","overlay-color":"","overlay-opacity":"","overlay-gradient":""},"mobile":{"background-color":"var(--ast-global-color-5)","background-image":"","background-repeat":"repeat","background-position":"center center","background-size":"auto","background-attachment":"scroll","background-type":"","background-media":"","overlay-type":"","overlay-color":"","overlay-opacity":"","overlay-gradient":""}},"footnotes":""},"class_list":["post-31","page","type-page","status-publish","hentry"],"uagb_featured_image_src":{"full":false,"thumbnail":false,"medium":false,"medium_large":false,"large":false,"1536x1536":false,"2048x2048":false},"uagb_author_info":{"display_name":"admin","author_link":"https:\/\/www.majri.louisst.o2switch.site\/blog\/author\/admin\/"},"uagb_comment_info":0,"uagb_excerpt":"Bienvenue dans la cat\u00e9gorie voyage ici, je partage mes aventures \u00e0 travers les diff\u00e9rents pays , mes d\u00e9couvertes culturelles, mes [&hellip;]","_links":{"self":[{"href":"https:\/\/www.majri.louisst.o2switch.site\/blog\/wp-json\/wp\/v2\/pages\/31","targetHints":{"allow":["GET"]}}],"collection":[{"href":"https:\/\/www.majri.louisst.o2switch.site\/blog\/wp-json\/wp\/v2\/pages"}],"about":[{"href":"https:\/\/www.majri.louisst.o2switch.site\/blog\/wp-json\/wp\/v2\/types\/page"}],"author":[{"embeddable":true,"href":"https:\/\/www.majri.louisst.o2switch.site\/blog\/wp-json\/wp\/v2\/users\/1"}],"replies":[{"embeddable":true,"href":"https:\/\/www.majri.louisst.o2switch.site\/blog\/wp-json\/wp\/v2\/comments?post=31"}],"version-history":[{"count":23,"href":"https:\/\/www.majri.louisst.o2switch.site\/blog\/wp-json\/wp\/v2\/pages\/31\/revisions"}],"predecessor-version":[{"id":289,"href":"https:\/\/www.majri.louisst.o2switch.site\/blog\/wp-json\/wp\/v2\/pages\/31\/revisions\/289"}],"wp:attachment":[{"href":"https:\/\/www.majri.louisst.o2switch.site\/blog\/wp-json\/wp\/v2\/media?parent=31"}],"curies":[{"name":"wp","href":"https:\/\/api.w.org\/{rel}","templated":true}]}}