{"id":324,"date":"2025-09-10T11:33:18","date_gmt":"2025-09-10T11:33:18","guid":{"rendered":"https:\/\/www.majri.louisst.o2switch.site\/blog\/?page_id=324"},"modified":"2025-09-11T08:08:53","modified_gmt":"2025-09-11T08:08:53","slug":"blog","status":"publish","type":"page","link":"https:\/\/www.majri.louisst.o2switch.site\/blog\/blog\/","title":{"rendered":"Blog"},"content":{"rendered":"\n<p><\/p>\n\n\n\n<p>Un animal de compagnie est un animal domestiqu\u00e9 que l\u2019\u00eatre humain conserve principalement pour sa pr\u00e9sence, son agr\u00e9ment, son affection ou son r\u00f4le social, plut\u00f4t que pour une fonction utilitaire comme le travail, la garde ou l\u2019alimentation. Les exemples les plus fr\u00e9quents sont le chien, le chat, le lapin, certains oiseaux ou poissons d\u2019ornement.<\/p>\n\n\n\n<p>Le Code rural fran\u00e7ais (article L214-6) d\u00e9finit l\u2019animal de compagnie comme \u00ab tout animal d\u00e9tenu ou destin\u00e9 \u00e0 \u00eatre d\u00e9tenu par l\u2019homme pour son agr\u00e9ment \u00bb.<\/p>\n\n\n\n<p>\u00c9tymologie<\/p>\n\n\n\n<p>Le mot animal vient du latin animal qui signifie \u00ab \u00eatre vivant anim\u00e9, dou\u00e9 de souffle vital \u00bb, d\u00e9riv\u00e9 de anima \u00ab souffle, \u00e2me, vie \u00bb.<br>Le mot compagnie vient du latin m\u00e9di\u00e9val companio, issu du latin populaire <em>companio<\/em>, form\u00e9 de com- \u00ab avec \u00bb et panis \u00ab pain \u00bb, qui signifiait litt\u00e9ralement \u00ab celui qui partage le pain \u00bb. <\/p>\n\n\n\n<p>l&rsquo;animal de compagnie est donc <\/p>\n\n\n\n<p>Quand j\u2019avais 7 ans, j\u2019ai perdu un animal qui comptait beaucoup pour moi : un serpent qui s\u2019appelait <strong>Ciao<\/strong>. Il appartenait \u00e0 mon oncle, mais je l\u2019aimais comme s\u2019il \u00e9tait le mien. J\u2019\u00e9tais fascin\u00e9 par lui, par sa mani\u00e8re de se d\u00e9placer doucement, de s\u2019enrouler et de m\u2019observer avec ses yeux myst\u00e9rieux. Sa pr\u00e9sence me rassurait et m\u2019\u00e9merveillait en m\u00eame temps<\/p>\n\n\n\n<p>Sa mort m\u2019a beaucoup attrist\u00e9, car m\u00eame si ce n\u2019\u00e9tait \u201cque\u201d le serpent de mon oncle, pour moi c\u2019\u00e9tait un compagnon sp\u00e9cial dont je garde encore aujourd\u2019hui un tendre souvenir.<\/p>\n\n\n\n<p><\/p>\n\n\n\n<div class=\"wp-block-uagb-advanced-heading uagb-block-3ea078c7\"><\/div>\n","protected":false},"excerpt":{"rendered":"<p>Un animal de compagnie est un animal domestiqu\u00e9 que l\u2019\u00eatre humain conserve principalement pour sa pr\u00e9sence, son agr\u00e9ment, son affection [&hellip;]<\/p>\n","protected":false},"author":1,"featured_media":0,"parent":0,"menu_order":0,"comment_status":"closed","ping_status":"closed","template":"","meta":{"_uag_custom_page_level_css":"","site-sidebar-layout":"default","site-content-layout":"","ast-site-content-layout":"","site-content-style":"default","site-sidebar-style":"default","ast-global-header-display":"","ast-banner-title-visibility":"","ast-main-header-display":"","ast-hfb-above-header-display":"","ast-hfb-below-header-display":"","ast-hfb-mobile-header-display":"","site-post-title":"","ast-breadcrumbs-content":"","ast-featured-img":"","footer-sml-layout":"","theme-transparent-header-meta":"","adv-header-id-meta":"","stick-header-meta":"","header-above-stick-meta":"","header-main-stick-meta":"","header-below-stick-meta":"","astra-migrate-meta-layouts":"default","ast-page-background-enabled":"default","ast-page-background-meta":{"desktop":{"background-color":"var(--ast-global-color-4)","background-image":"","background-repeat":"repeat","background-position":"center center","background-size":"auto","background-attachment":"scroll","background-type":"","background-media":"","overlay-type":"","overlay-color":"","overlay-opacity":"","overlay-gradient":""},"tablet":{"background-color":"","background-image":"","background-repeat":"repeat","background-position":"center center","background-size":"auto","background-attachment":"scroll","background-type":"","background-media":"","overlay-type":"","overlay-color":"","overlay-opacity":"","overlay-gradient":""},"mobile":{"background-color":"","background-image":"","background-repeat":"repeat","background-position":"center center","background-size":"auto","background-attachment":"scroll","background-type":"","background-media":"","overlay-type":"","overlay-color":"","overlay-opacity":"","overlay-gradient":""}},"ast-content-background-meta":{"desktop":{"background-color":"var(--ast-global-color-5)","background-image":"","background-repeat":"repeat","background-position":"center center","background-size":"auto","background-attachment":"scroll","background-type":"","background-media":"","overlay-type":"","overlay-color":"","overlay-opacity":"","overlay-gradient":""},"tablet":{"background-color":"var(--ast-global-color-5)","background-image":"","background-repeat":"repeat","background-position":"center center","background-size":"auto","background-attachment":"scroll","background-type":"","background-media":"","overlay-type":"","overlay-color":"","overlay-opacity":"","overlay-gradient":""},"mobile":{"background-color":"var(--ast-global-color-5)","background-image":"","background-repeat":"repeat","background-position":"center center","background-size":"auto","background-attachment":"scroll","background-type":"","background-media":"","overlay-type":"","overlay-color":"","overlay-opacity":"","overlay-gradient":""}},"footnotes":""},"class_list":["post-324","page","type-page","status-publish","hentry"],"uagb_featured_image_src":{"full":false,"thumbnail":false,"medium":false,"medium_large":false,"large":false,"1536x1536":false,"2048x2048":false},"uagb_author_info":{"display_name":"admin","author_link":"https:\/\/www.majri.louisst.o2switch.site\/blog\/author\/admin\/"},"uagb_comment_info":0,"uagb_excerpt":"Un animal de compagnie est un animal domestiqu\u00e9 que l\u2019\u00eatre humain conserve principalement pour sa pr\u00e9sence, son agr\u00e9ment, son affection [&hellip;]","_links":{"self":[{"href":"https:\/\/www.majri.louisst.o2switch.site\/blog\/wp-json\/wp\/v2\/pages\/324","targetHints":{"allow":["GET"]}}],"collection":[{"href":"https:\/\/www.majri.louisst.o2switch.site\/blog\/wp-json\/wp\/v2\/pages"}],"about":[{"href":"https:\/\/www.majri.louisst.o2switch.site\/blog\/wp-json\/wp\/v2\/types\/page"}],"author":[{"embeddable":true,"href":"https:\/\/www.majri.louisst.o2switch.site\/blog\/wp-json\/wp\/v2\/users\/1"}],"replies":[{"embeddable":true,"href":"https:\/\/www.majri.louisst.o2switch.site\/blog\/wp-json\/wp\/v2\/comments?post=324"}],"version-history":[{"count":4,"href":"https:\/\/www.majri.louisst.o2switch.site\/blog\/wp-json\/wp\/v2\/pages\/324\/revisions"}],"predecessor-version":[{"id":329,"href":"https:\/\/www.majri.louisst.o2switch.site\/blog\/wp-json\/wp\/v2\/pages\/324\/revisions\/329"}],"wp:attachment":[{"href":"https:\/\/www.majri.louisst.o2switch.site\/blog\/wp-json\/wp\/v2\/media?parent=324"}],"curies":[{"name":"wp","href":"https:\/\/api.w.org\/{rel}","templated":true}]}}