{"id":330,"date":"2025-09-15T12:37:10","date_gmt":"2025-09-15T12:37:10","guid":{"rendered":"https:\/\/www.majri.louisst.o2switch.site\/blog\/?page_id=330"},"modified":"2025-09-15T12:38:53","modified_gmt":"2025-09-15T12:38:53","slug":"330-2","status":"publish","type":"page","link":"https:\/\/www.majri.louisst.o2switch.site\/blog\/330-2\/","title":{"rendered":"CIAO un serpent sp\u00e9cial"},"content":{"rendered":"\n<p><\/p>\n\n\n\n<div class=\"wp-block-uagb-inline-notice uagb-inline_notice__align-left uagb-block-1904cc6f\"><button class=\"uagb-notice-close-button\" type=\"button\" aria-label=\"Close\"><\/button><h4 class=\"uagb-notice-title\"><strong>Souvenir de Ciao<\/strong><\/h4><div class=\"uagb-notice-text\">\n<p>Quand j\u2019avais 7 ans, j\u2019ai perdu un animal qui me tenait particuli\u00e8rement \u00e0 c\u0153ur : un serpent qui s\u2019appelait <strong>Ciao<\/strong>. Il appartenait \u00e0 mon oncle, mais je l\u2019aimais profond\u00e9ment, comme s\u2019il faisait partie de ma propre vie. J\u2019\u00e9tais fascin\u00e9 par sa fa\u00e7on de se mouvoir, calme et myst\u00e9rieuse, et je passais de longs moments \u00e0 l\u2019observer.<br>Sa disparition a \u00e9t\u00e9 une grande tristesse pour moi, mais son souvenir reste grav\u00e9 dans ma m\u00e9moire. Aujourd\u2019hui encore, je garde une tendresse particuli\u00e8re pour ce compagnon pas comme les autres, qui a marqu\u00e9 mon enfance.<\/p>\n<\/div><\/div>\n\n\n\n<div class=\"wp-block-uagb-inline-notice uagb-inline_notice__align-left uagb-block-3147cc2b\"><button class=\"uagb-notice-close-button\" type=\"button\" aria-label=\"Close\"><\/button><h4 class=\"uagb-notice-title\"><strong>UN ANIMAL PAS COMME LES AUTRES <\/strong><\/h4><div class=\"uagb-notice-text\">\n<p>Le serpent est un animal vraiment particulier. Contrairement \u00e0 la plupart des animaux, il n\u2019a pas de pattes et se d\u00e9place en ondulant gr\u00e2ce \u00e0 ses muscles. Sa peau est recouverte d\u2019\u00e9cailles qui brillent et qu\u2019il renouvelle r\u00e9guli\u00e8rement en muant. Il n\u2019a pas de paupi\u00e8res et garde toujours les yeux ouverts, ce qui le rend myst\u00e9rieux. Il sort sa langue pour \u201csentir\u201d l\u2019air et rep\u00e9rer ce qui l\u2019entoure. Discret, silencieux et fascinant, le serpent est un animal unique, \u00e0 la fois intrigant et impressionnant.<\/p>\n<\/div><\/div>\n\n\n\n<p><\/p>\n\n\n\n<div class=\"wp-block-uagb-image uagb-block-e72bc761 wp-block-uagb-image--layout-default wp-block-uagb-image--effect-static wp-block-uagb-image--align-none\"><figure class=\"wp-block-uagb-image__figure\"><img decoding=\"async\" srcset=\"https:\/\/www.majri.louisst.o2switch.site\/blog\/wp-content\/uploads\/2025\/09\/OIP.jpeg ,https:\/\/www.majri.louisst.o2switch.site\/blog\/wp-content\/uploads\/2025\/09\/OIP.jpeg 780w, https:\/\/www.majri.louisst.o2switch.site\/blog\/wp-content\/uploads\/2025\/09\/OIP.jpeg 360w\" sizes=\"auto, (max-width: 480px) 150px\" src=\"https:\/\/www.majri.louisst.o2switch.site\/blog\/wp-content\/uploads\/2025\/09\/OIP.jpeg\" alt=\"\" class=\"uag-image-331\" width=\"440\" height=\"325\" title=\"OIP\" loading=\"lazy\" role=\"img\"\/><\/figure><\/div>\n","protected":false},"excerpt":{"rendered":"","protected":false},"author":1,"featured_media":0,"parent":0,"menu_order":0,"comment_status":"closed","ping_status":"closed","template":"","meta":{"_uag_custom_page_level_css":"","site-sidebar-layout":"default","site-content-layout":"","ast-site-content-layout":"","site-content-style":"default","site-sidebar-style":"default","ast-global-header-display":"","ast-banner-title-visibility":"","ast-main-header-display":"","ast-hfb-above-header-display":"","ast-hfb-below-header-display":"","ast-hfb-mobile-header-display":"","site-post-title":"","ast-breadcrumbs-content":"","ast-featured-img":"","footer-sml-layout":"","theme-transparent-header-meta":"","adv-header-id-meta":"","stick-header-meta":"","header-above-stick-meta":"","header-main-stick-meta":"","header-below-stick-meta":"","astra-migrate-meta-layouts":"default","ast-page-background-enabled":"default","ast-page-background-meta":{"desktop":{"background-color":"var(--ast-global-color-4)","background-image":"","background-repeat":"repeat","background-position":"center center","background-size":"auto","background-attachment":"scroll","background-type":"","background-media":"","overlay-type":"","overlay-color":"","overlay-opacity":"","overlay-gradient":""},"tablet":{"background-color":"","background-image":"","background-repeat":"repeat","background-position":"center center","background-size":"auto","background-attachment":"scroll","background-type":"","background-media":"","overlay-type":"","overlay-color":"","overlay-opacity":"","overlay-gradient":""},"mobile":{"background-color":"","background-image":"","background-repeat":"repeat","background-position":"center center","background-size":"auto","background-attachment":"scroll","background-type":"","background-media":"","overlay-type":"","overlay-color":"","overlay-opacity":"","overlay-gradient":""}},"ast-content-background-meta":{"desktop":{"background-color":"var(--ast-global-color-5)","background-image":"","background-repeat":"repeat","background-position":"center center","background-size":"auto","background-attachment":"scroll","background-type":"","background-media":"","overlay-type":"","overlay-color":"","overlay-opacity":"","overlay-gradient":""},"tablet":{"background-color":"var(--ast-global-color-5)","background-image":"","background-repeat":"repeat","background-position":"center center","background-size":"auto","background-attachment":"scroll","background-type":"","background-media":"","overlay-type":"","overlay-color":"","overlay-opacity":"","overlay-gradient":""},"mobile":{"background-color":"var(--ast-global-color-5)","background-image":"","background-repeat":"repeat","background-position":"center center","background-size":"auto","background-attachment":"scroll","background-type":"","background-media":"","overlay-type":"","overlay-color":"","overlay-opacity":"","overlay-gradient":""}},"footnotes":""},"class_list":["post-330","page","type-page","status-publish","hentry"],"uagb_featured_image_src":{"full":false,"thumbnail":false,"medium":false,"medium_large":false,"large":false,"1536x1536":false,"2048x2048":false},"uagb_author_info":{"display_name":"admin","author_link":"https:\/\/www.majri.louisst.o2switch.site\/blog\/author\/admin\/"},"uagb_comment_info":0,"uagb_excerpt":null,"_links":{"self":[{"href":"https:\/\/www.majri.louisst.o2switch.site\/blog\/wp-json\/wp\/v2\/pages\/330","targetHints":{"allow":["GET"]}}],"collection":[{"href":"https:\/\/www.majri.louisst.o2switch.site\/blog\/wp-json\/wp\/v2\/pages"}],"about":[{"href":"https:\/\/www.majri.louisst.o2switch.site\/blog\/wp-json\/wp\/v2\/types\/page"}],"author":[{"embeddable":true,"href":"https:\/\/www.majri.louisst.o2switch.site\/blog\/wp-json\/wp\/v2\/users\/1"}],"replies":[{"embeddable":true,"href":"https:\/\/www.majri.louisst.o2switch.site\/blog\/wp-json\/wp\/v2\/comments?post=330"}],"version-history":[{"count":2,"href":"https:\/\/www.majri.louisst.o2switch.site\/blog\/wp-json\/wp\/v2\/pages\/330\/revisions"}],"predecessor-version":[{"id":335,"href":"https:\/\/www.majri.louisst.o2switch.site\/blog\/wp-json\/wp\/v2\/pages\/330\/revisions\/335"}],"wp:attachment":[{"href":"https:\/\/www.majri.louisst.o2switch.site\/blog\/wp-json\/wp\/v2\/media?parent=330"}],"curies":[{"name":"wp","href":"https:\/\/api.w.org\/{rel}","templated":true}]}}