{"id":70,"date":"2024-09-26T06:21:40","date_gmt":"2024-09-26T06:21:40","guid":{"rendered":"https:\/\/www.majri.louisst.o2switch.site\/blog\/?page_id=70"},"modified":"2024-11-13T12:39:32","modified_gmt":"2024-11-13T12:39:32","slug":"relation-client-a-distance-et-digitalisation","status":"publish","type":"page","link":"https:\/\/www.majri.louisst.o2switch.site\/blog\/relation-client-a-distance-et-digitalisation\/","title":{"rendered":"Relation client \u00e0 distance et digitalisation"},"content":{"rendered":"\n<p><\/p>\n\n\n\n<div class=\"wp-block-uagb-image alignleft uagb-block-edb57af0 wp-block-uagb-image--layout-default wp-block-uagb-image--effect-static wp-block-uagb-image--align-left\"><figure class=\"wp-block-uagb-image__figure\"><img decoding=\"async\" srcset=\"https:\/\/www.majri.louisst.o2switch.site\/blog\/wp-content\/uploads\/2024\/11\/business-5475661_1280-1-1024x574.jpg ,https:\/\/www.majri.louisst.o2switch.site\/blog\/wp-content\/uploads\/2024\/11\/business-5475661_1280-1.jpg 780w, https:\/\/www.majri.louisst.o2switch.site\/blog\/wp-content\/uploads\/2024\/11\/business-5475661_1280-1.jpg 360w\" sizes=\"auto, (max-width: 480px) 150px\" src=\"https:\/\/www.majri.louisst.o2switch.site\/blog\/wp-content\/uploads\/2024\/11\/business-5475661_1280-1-1024x574.jpg\" alt=\"\" class=\"uag-image-207\" width=\"633\" height=\"355\" title=\"business-5475661_1280\" loading=\"lazy\" role=\"img\"\/><\/figure><\/div>\n\n\n\n<div class=\"wp-block-uagb-advanced-heading uagb-block-05347eed\"><h5 class=\"uagb-heading-text\">La mati\u00e8re Relation client \u00e0 distance et digitalisation est l\u2019une des mati\u00e8res professionnelles du BTS NDRC .<\/h5><\/div>\n\n\n\n<p>Elle pr\u00e9pare les \u00e9tudiants \u00e0 g\u00e9rer efficacement les interactions clients par des moyens num\u00e9riques et \u00e0 distance ils d\u00e9veloppent aussi des comp\u00e9tences pour personnaliser l\u2019exp\u00e9rience client en ligne ainsi que la maitrise de diff\u00e9rente plateforme ( WordPress , Prestashop )<\/p>\n\n\n\n<p><\/p>\n","protected":false},"excerpt":{"rendered":"<p>La mati\u00e8re Relation client \u00e0 distance et digitalisation est l\u2019une des mati\u00e8res professionnelles du BTS NDRC . Elle pr\u00e9pare les [&hellip;]<\/p>\n","protected":false},"author":1,"featured_media":0,"parent":0,"menu_order":0,"comment_status":"closed","ping_status":"closed","template":"","meta":{"_uag_custom_page_level_css":"","site-sidebar-layout":"default","site-content-layout":"","ast-site-content-layout":"","site-content-style":"default","site-sidebar-style":"default","ast-global-header-display":"","ast-banner-title-visibility":"","ast-main-header-display":"","ast-hfb-above-header-display":"","ast-hfb-below-header-display":"","ast-hfb-mobile-header-display":"","site-post-title":"","ast-breadcrumbs-content":"","ast-featured-img":"","footer-sml-layout":"","theme-transparent-header-meta":"","adv-header-id-meta":"","stick-header-meta":"","header-above-stick-meta":"","header-main-stick-meta":"","header-below-stick-meta":"","astra-migrate-meta-layouts":"default","ast-page-background-enabled":"default","ast-page-background-meta":{"desktop":{"background-color":"var(--ast-global-color-4)","background-image":"","background-repeat":"repeat","background-position":"center center","background-size":"auto","background-attachment":"scroll","background-type":"","background-media":"","overlay-type":"","overlay-color":"","overlay-opacity":"","overlay-gradient":""},"tablet":{"background-color":"","background-image":"","background-repeat":"repeat","background-position":"center center","background-size":"auto","background-attachment":"scroll","background-type":"","background-media":"","overlay-type":"","overlay-color":"","overlay-opacity":"","overlay-gradient":""},"mobile":{"background-color":"","background-image":"","background-repeat":"repeat","background-position":"center center","background-size":"auto","background-attachment":"scroll","background-type":"","background-media":"","overlay-type":"","overlay-color":"","overlay-opacity":"","overlay-gradient":""}},"ast-content-background-meta":{"desktop":{"background-color":"var(--ast-global-color-5)","background-image":"","background-repeat":"repeat","background-position":"center center","background-size":"auto","background-attachment":"scroll","background-type":"","background-media":"","overlay-type":"","overlay-color":"","overlay-opacity":"","overlay-gradient":""},"tablet":{"background-color":"var(--ast-global-color-5)","background-image":"","background-repeat":"repeat","background-position":"center center","background-size":"auto","background-attachment":"scroll","background-type":"","background-media":"","overlay-type":"","overlay-color":"","overlay-opacity":"","overlay-gradient":""},"mobile":{"background-color":"var(--ast-global-color-5)","background-image":"","background-repeat":"repeat","background-position":"center center","background-size":"auto","background-attachment":"scroll","background-type":"","background-media":"","overlay-type":"","overlay-color":"","overlay-opacity":"","overlay-gradient":""}},"footnotes":""},"class_list":["post-70","page","type-page","status-publish","hentry"],"uagb_featured_image_src":{"full":false,"thumbnail":false,"medium":false,"medium_large":false,"large":false,"1536x1536":false,"2048x2048":false},"uagb_author_info":{"display_name":"admin","author_link":"https:\/\/www.majri.louisst.o2switch.site\/blog\/author\/admin\/"},"uagb_comment_info":0,"uagb_excerpt":"La mati\u00e8re Relation client \u00e0 distance et digitalisation est l\u2019une des mati\u00e8res professionnelles du BTS NDRC . Elle pr\u00e9pare les [&hellip;]","_links":{"self":[{"href":"https:\/\/www.majri.louisst.o2switch.site\/blog\/wp-json\/wp\/v2\/pages\/70","targetHints":{"allow":["GET"]}}],"collection":[{"href":"https:\/\/www.majri.louisst.o2switch.site\/blog\/wp-json\/wp\/v2\/pages"}],"about":[{"href":"https:\/\/www.majri.louisst.o2switch.site\/blog\/wp-json\/wp\/v2\/types\/page"}],"author":[{"embeddable":true,"href":"https:\/\/www.majri.louisst.o2switch.site\/blog\/wp-json\/wp\/v2\/users\/1"}],"replies":[{"embeddable":true,"href":"https:\/\/www.majri.louisst.o2switch.site\/blog\/wp-json\/wp\/v2\/comments?post=70"}],"version-history":[{"count":3,"href":"https:\/\/www.majri.louisst.o2switch.site\/blog\/wp-json\/wp\/v2\/pages\/70\/revisions"}],"predecessor-version":[{"id":288,"href":"https:\/\/www.majri.louisst.o2switch.site\/blog\/wp-json\/wp\/v2\/pages\/70\/revisions\/288"}],"wp:attachment":[{"href":"https:\/\/www.majri.louisst.o2switch.site\/blog\/wp-json\/wp\/v2\/media?parent=70"}],"curies":[{"name":"wp","href":"https:\/\/api.w.org\/{rel}","templated":true}]}}