{"id":9,"date":"2024-09-25T12:33:31","date_gmt":"2024-09-25T12:33:31","guid":{"rendered":"https:\/\/www.majri.louisst.o2switch.site\/blog\/?page_id=9"},"modified":"2024-11-13T12:41:25","modified_gmt":"2024-11-13T12:41:25","slug":"accueil","status":"publish","type":"page","link":"https:\/\/www.majri.louisst.o2switch.site\/blog\/","title":{"rendered":"Accueil"},"content":{"rendered":"\n<p>Je suis Bilel majri, passionn\u00e9 par le voyage et le football. J\u2019ai cr\u00e9\u00e9 ce site pour partager avec vous ces deux passions qui me motivent au quotidien. Que vous soyez un amateur de foot ou simplement curieux d\u2019en savoir plus sur ces univers, vous \u00eates au bon endroit.<\/p>\n\n\n\n<h3 class=\"wp-block-heading\">Les th\u00e9matiques de mon site<\/h3>\n\n\n\n<ol class=\"wp-block-list\">\n<li class=\"has-medium-font-size\"><strong>Voyages<\/strong>&nbsp;: D\u00e9couvrez mes \u00e9crits de mes aventures \u00e0 travers le monde, mes diff\u00e9rents voyages \u00e0 travers le monde et mes rencontres dans chaque pays . Des photos de mes voyages ainsi que des conseils pour trouver la destination qui vous conviendra !<\/li>\n<\/ol>\n\n\n\n<p><\/p>\n\n\n\n<div class=\"wp-block-uagb-image uagb-block-56c26ed6 wp-block-uagb-image--layout-default wp-block-uagb-image--effect-static wp-block-uagb-image--align-none\"><figure class=\"wp-block-uagb-image__figure\"><img decoding=\"async\" srcset=\"https:\/\/www.majri.louisst.o2switch.site\/blog\/wp-content\/uploads\/2024\/10\/path-6567149_640-3.jpg ,https:\/\/www.majri.louisst.o2switch.site\/blog\/wp-content\/uploads\/2024\/10\/path-6567149_640-3.jpg 780w, https:\/\/www.majri.louisst.o2switch.site\/blog\/wp-content\/uploads\/2024\/10\/path-6567149_640-3.jpg 360w\" sizes=\"auto, (max-width: 480px) 150px\" src=\"https:\/\/www.majri.louisst.o2switch.site\/blog\/wp-content\/uploads\/2024\/10\/path-6567149_640-3.jpg\" alt=\"\" class=\"uag-image-165\" width=\"378\" height=\"473\" title=\"path-6567149_640\" loading=\"lazy\" role=\"img\"\/><\/figure><\/div>\n\n\n\n<p><\/p>\n\n\n\n<p><\/p>\n\n\n\n<p><\/p>\n\n\n\n<ol class=\"wp-block-list\">\n<li class=\"has-medium-font-size\"><strong>Football<\/strong>&nbsp;: Retrouvez ici des analyses de matchs, des portraits de joueurs et des discussions autour de l\u2019actualit\u00e9 du football. Que vous soyez passionn\u00e9 de la Ligue des Champions ou amateur de football local vous \u00eates au bonne endroits .<\/li>\n<\/ol>\n\n\n\n<p><\/p>\n\n\n\n<div class=\"wp-block-uagb-image uagb-block-20e9500f wp-block-uagb-image--layout-default wp-block-uagb-image--effect-static wp-block-uagb-image--align-none\"><figure class=\"wp-block-uagb-image__figure\"><img decoding=\"async\" srcset=\"https:\/\/www.majri.louisst.o2switch.site\/blog\/wp-content\/uploads\/2024\/10\/people-1284253_640.jpg ,https:\/\/www.majri.louisst.o2switch.site\/blog\/wp-content\/uploads\/2024\/10\/people-1284253_640.jpg 780w, https:\/\/www.majri.louisst.o2switch.site\/blog\/wp-content\/uploads\/2024\/10\/people-1284253_640.jpg 360w\" sizes=\"auto, (max-width: 480px) 150px\" src=\"https:\/\/www.majri.louisst.o2switch.site\/blog\/wp-content\/uploads\/2024\/10\/people-1284253_640.jpg\" alt=\"\" class=\"uag-image-166\" width=\"417\" height=\"224\" title=\"people-1284253_640\" loading=\"lazy\" role=\"img\"\/><\/figure><\/div>\n\n\n\n<p><\/p>\n\n\n\n<p><\/p>\n\n\n\n<p><\/p>\n\n\n\n<p>Si vous souhaitez me contacter, veuillez remplir le formulaire ci-dessous :<\/p>\n\n\n\n<ul class=\"wp-block-list\">\n<li>nom<\/li>\n\n\n\n<li>pr\u00e9nom<\/li>\n\n\n\n<li>adresse e-mail<\/li>\n\n\n\n<li>commentaire<\/li>\n<\/ul>\n\n\n\n<p>Je vous r\u00e9pondrai dans les plus brefs d\u00e9lais !<\/p>\n\n\n\n<p><\/p>\n\n\n\n<div class=\"wp-block-uagb-image uagb-block-e44835e6 wp-block-uagb-image--layout-default wp-block-uagb-image--effect-static wp-block-uagb-image--align-none\"><figure class=\"wp-block-uagb-image__figure\"><\/figure><\/div>\n","protected":false},"excerpt":{"rendered":"<p>Je suis Bilel majri, passionn\u00e9 par le voyage et le football. J\u2019ai cr\u00e9\u00e9 ce site pour partager avec vous ces [&hellip;]<\/p>\n","protected":false},"author":1,"featured_media":0,"parent":0,"menu_order":0,"comment_status":"closed","ping_status":"closed","template":"","meta":{"_uag_custom_page_level_css":"","site-sidebar-layout":"default","site-content-layout":"","ast-site-content-layout":"","site-content-style":"default","site-sidebar-style":"default","ast-global-header-display":"","ast-banner-title-visibility":"","ast-main-header-display":"","ast-hfb-above-header-display":"","ast-hfb-below-header-display":"","ast-hfb-mobile-header-display":"","site-post-title":"","ast-breadcrumbs-content":"","ast-featured-img":"","footer-sml-layout":"","theme-transparent-header-meta":"","adv-header-id-meta":"","stick-header-meta":"","header-above-stick-meta":"","header-main-stick-meta":"","header-below-stick-meta":"","astra-migrate-meta-layouts":"default","ast-page-background-enabled":"default","ast-page-background-meta":{"desktop":{"background-color":"var(--ast-global-color-4)","background-image":"","background-repeat":"repeat","background-position":"center center","background-size":"auto","background-attachment":"scroll","background-type":"","background-media":"","overlay-type":"","overlay-color":"","overlay-opacity":"","overlay-gradient":""},"tablet":{"background-color":"","background-image":"","background-repeat":"repeat","background-position":"center center","background-size":"auto","background-attachment":"scroll","background-type":"","background-media":"","overlay-type":"","overlay-color":"","overlay-opacity":"","overlay-gradient":""},"mobile":{"background-color":"","background-image":"","background-repeat":"repeat","background-position":"center center","background-size":"auto","background-attachment":"scroll","background-type":"","background-media":"","overlay-type":"","overlay-color":"","overlay-opacity":"","overlay-gradient":""}},"ast-content-background-meta":{"desktop":{"background-color":"var(--ast-global-color-5)","background-image":"","background-repeat":"repeat","background-position":"center center","background-size":"auto","background-attachment":"scroll","background-type":"","background-media":"","overlay-type":"","overlay-color":"","overlay-opacity":"","overlay-gradient":""},"tablet":{"background-color":"var(--ast-global-color-5)","background-image":"","background-repeat":"repeat","background-position":"center center","background-size":"auto","background-attachment":"scroll","background-type":"","background-media":"","overlay-type":"","overlay-color":"","overlay-opacity":"","overlay-gradient":""},"mobile":{"background-color":"var(--ast-global-color-5)","background-image":"","background-repeat":"repeat","background-position":"center center","background-size":"auto","background-attachment":"scroll","background-type":"","background-media":"","overlay-type":"","overlay-color":"","overlay-opacity":"","overlay-gradient":""}},"footnotes":""},"class_list":["post-9","page","type-page","status-publish","hentry"],"uagb_featured_image_src":{"full":false,"thumbnail":false,"medium":false,"medium_large":false,"large":false,"1536x1536":false,"2048x2048":false},"uagb_author_info":{"display_name":"admin","author_link":"https:\/\/www.majri.louisst.o2switch.site\/blog\/author\/admin\/"},"uagb_comment_info":0,"uagb_excerpt":"Je suis Bilel majri, passionn\u00e9 par le voyage et le football. J\u2019ai cr\u00e9\u00e9 ce site pour partager avec vous ces [&hellip;]","_links":{"self":[{"href":"https:\/\/www.majri.louisst.o2switch.site\/blog\/wp-json\/wp\/v2\/pages\/9","targetHints":{"allow":["GET"]}}],"collection":[{"href":"https:\/\/www.majri.louisst.o2switch.site\/blog\/wp-json\/wp\/v2\/pages"}],"about":[{"href":"https:\/\/www.majri.louisst.o2switch.site\/blog\/wp-json\/wp\/v2\/types\/page"}],"author":[{"embeddable":true,"href":"https:\/\/www.majri.louisst.o2switch.site\/blog\/wp-json\/wp\/v2\/users\/1"}],"replies":[{"embeddable":true,"href":"https:\/\/www.majri.louisst.o2switch.site\/blog\/wp-json\/wp\/v2\/comments?post=9"}],"version-history":[{"count":12,"href":"https:\/\/www.majri.louisst.o2switch.site\/blog\/wp-json\/wp\/v2\/pages\/9\/revisions"}],"predecessor-version":[{"id":291,"href":"https:\/\/www.majri.louisst.o2switch.site\/blog\/wp-json\/wp\/v2\/pages\/9\/revisions\/291"}],"wp:attachment":[{"href":"https:\/\/www.majri.louisst.o2switch.site\/blog\/wp-json\/wp\/v2\/media?parent=9"}],"curies":[{"name":"wp","href":"https:\/\/api.w.org\/{rel}","templated":true}]}}