{"id":110,"date":"2025-10-01T16:11:27","date_gmt":"2025-10-01T14:11:27","guid":{"rendered":"https:\/\/www.majri.louisst.o2switch.site\/ddg\/?page_id=110"},"modified":"2025-10-02T10:18:26","modified_gmt":"2025-10-02T08:18:26","slug":"mentions-legal","status":"publish","type":"page","link":"https:\/\/www.majri.louisst.o2switch.site\/ddg\/mentions-legal\/","title":{"rendered":"Mentions l\u00e9gal"},"content":{"rendered":"\n<p><strong>\u00c9diteur du site<\/strong><br>D\u00e9lices des G\u00f4nes<br>SARL au capital de 10 000 \u20ac<br>RCS Lyon : 254 789 410<br>SIRET : 254 789 410 00012<br>N\u00b0 TVA intracommunautaire : FR 44 254 789 410<br>Si\u00e8ge social : 27 rue Saint Jean \u2013 69005 Lyon<br>T\u00e9l\u00e9phone : 04.72.33.15.15<br>Email : <a>delicesdesgones@free.fr<\/a><\/p>\n\n\n\n<p><strong>Directeur de la publication<\/strong><br>Monsieur Jean Dupuis, en qualit\u00e9 de g\u00e9rant de la soci\u00e9t\u00e9 D\u00e9lices des G\u00f4nes.<\/p>\n\n\n\n<p><strong>H\u00e9bergement du site<\/strong><br>O2Switch<br>Adresse : Chem. des Pardiaux, 63000 Clermont-Ferrand<br>T\u00e9l\u00e9phone : 04 44 44 60 40<br>Site : <a>www.o2switch.fr<\/a><\/p>\n\n\n\n<p><strong>Propri\u00e9t\u00e9 intellectuelle<\/strong><br>L\u2019ensemble du site et de son contenu (textes, images, graphismes, logos, ic\u00f4nes, vid\u00e9os\u2026) est prot\u00e9g\u00e9 par le Code de la Propri\u00e9t\u00e9 Intellectuelle et appartient exclusivement \u00e0 la soci\u00e9t\u00e9 D\u00e9lices des G\u00f4nes, sauf mentions contraires. Toute reproduction, modification, distribution ou exploitation, m\u00eame partielle, sans autorisation \u00e9crite pr\u00e9alable est strictement interdite.<\/p>\n\n\n\n<p><strong>Protection des donn\u00e9es personnelles<\/strong><br>D\u00e9lices des G\u00f4nes s\u2019engage \u00e0 respecter la confidentialit\u00e9 des donn\u00e9es collect\u00e9es et \u00e0 les utiliser uniquement dans le cadre de sa relation commerciale avec ses clients.<br>Conform\u00e9ment au R\u00e8glement G\u00e9n\u00e9ral sur la Protection des Donn\u00e9es (RGPD), vous disposez d\u2019un droit d\u2019acc\u00e8s, de rectification, d\u2019opposition, de limitation et de suppression des donn\u00e9es vous concernant.<br>Vous pouvez exercer vos droits en nous \u00e9crivant \u00e0 :<br>\ud83d\udce7 <a>delicesdesgones@free.fr<\/a><br>\ud83d\udcee D\u00e9lices des G\u00f4nes \u2013 27 rue Saint Jean \u2013 69005 Lyon<\/p>\n\n\n\n<p><strong>Responsabilit\u00e9<\/strong><br>Le site peut contenir des erreurs ou omissions. D\u00e9lices des G\u00f4nes ne saurait \u00eatre tenu responsable d\u2019une mauvaise utilisation du site ni de dommages directs ou indirects li\u00e9s \u00e0 son utilisation.<\/p>\n\n\n\n<p><strong>Liens hypertextes<\/strong><br>Les liens vers d\u2019autres sites sont fournis \u00e0 titre informatif. D\u00e9lices des G\u00f4nes d\u00e9cline toute responsabilit\u00e9 concernant leur contenu.<\/p>\n\n\n\n<hr class=\"wp-block-separator has-alpha-channel-opacity\"\/>\n\n\n\n<h1 class=\"wp-block-heading\"><\/h1>\n\n\n\n<p><\/p>\n","protected":false},"excerpt":{"rendered":"<p>\u00c9diteur du siteD\u00e9lices des G\u00f4nesSARL au capital de 10 000 \u20acRCS Lyon : 254 789 410SIRET : 254 789 410 [&hellip;]<\/p>\n","protected":false},"author":1,"featured_media":0,"parent":0,"menu_order":0,"comment_status":"closed","ping_status":"closed","template":"","meta":{"_uag_custom_page_level_css":"","site-sidebar-layout":"default","site-content-layout":"","ast-site-content-layout":"default","site-content-style":"default","site-sidebar-style":"default","ast-global-header-display":"","ast-banner-title-visibility":"","ast-main-header-display":"","ast-hfb-above-header-display":"","ast-hfb-below-header-display":"","ast-hfb-mobile-header-display":"","site-post-title":"","ast-breadcrumbs-content":"","ast-featured-img":"","footer-sml-layout":"","theme-transparent-header-meta":"","adv-header-id-meta":"","stick-header-meta":"","header-above-stick-meta":"","header-main-stick-meta":"","header-below-stick-meta":"","astra-migrate-meta-layouts":"default","ast-page-background-enabled":"default","ast-page-background-meta":{"desktop":{"background-color":"var(--ast-global-color-5)","background-image":"","background-repeat":"repeat","background-position":"center center","background-size":"auto","background-attachment":"scroll","background-type":"","background-media":"","overlay-type":"","overlay-color":"","overlay-opacity":"","overlay-gradient":""},"tablet":{"background-color":"","background-image":"","background-repeat":"repeat","background-position":"center center","background-size":"auto","background-attachment":"scroll","background-type":"","background-media":"","overlay-type":"","overlay-color":"","overlay-opacity":"","overlay-gradient":""},"mobile":{"background-color":"","background-image":"","background-repeat":"repeat","background-position":"center center","background-size":"auto","background-attachment":"scroll","background-type":"","background-media":"","overlay-type":"","overlay-color":"","overlay-opacity":"","overlay-gradient":""}},"ast-content-background-meta":{"desktop":{"background-color":"var(--ast-global-color-4)","background-image":"","background-repeat":"repeat","background-position":"center center","background-size":"auto","background-attachment":"scroll","background-type":"","background-media":"","overlay-type":"","overlay-color":"","overlay-opacity":"","overlay-gradient":""},"tablet":{"background-color":"var(--ast-global-color-4)","background-image":"","background-repeat":"repeat","background-position":"center center","background-size":"auto","background-attachment":"scroll","background-type":"","background-media":"","overlay-type":"","overlay-color":"","overlay-opacity":"","overlay-gradient":""},"mobile":{"background-color":"var(--ast-global-color-4)","background-image":"","background-repeat":"repeat","background-position":"center center","background-size":"auto","background-attachment":"scroll","background-type":"","background-media":"","overlay-type":"","overlay-color":"","overlay-opacity":"","overlay-gradient":""}},"footnotes":""},"class_list":["post-110","page","type-page","status-publish","hentry"],"yoast_head":"<!-- This site is optimized with the Yoast SEO plugin v26.5 - https:\/\/yoast.com\/wordpress\/plugins\/seo\/ -->\n<title>Mentions l\u00e9gal -<\/title>\n<meta name=\"robots\" content=\"index, follow, max-snippet:-1, max-image-preview:large, max-video-preview:-1\" \/>\n<link rel=\"canonical\" href=\"https:\/\/www.majri.louisst.o2switch.site\/ddg\/mentions-legal\/\" \/>\n<meta property=\"og:locale\" content=\"fr_FR\" \/>\n<meta property=\"og:type\" content=\"article\" \/>\n<meta property=\"og:title\" content=\"Mentions l\u00e9gal -\" \/>\n<meta property=\"og:description\" content=\"\u00c9diteur du siteD\u00e9lices des G\u00f4nesSARL au capital de 10 000 \u20acRCS Lyon : 254 789 410SIRET : 254 789 410 [&hellip;]\" \/>\n<meta property=\"og:url\" content=\"https:\/\/www.majri.louisst.o2switch.site\/ddg\/mentions-legal\/\" \/>\n<meta property=\"article:modified_time\" content=\"2025-10-02T08:18:26+00:00\" \/>\n<meta name=\"twitter:card\" content=\"summary_large_image\" \/>\n<meta name=\"twitter:label1\" content=\"Dur\u00e9e de lecture estim\u00e9e\" \/>\n\t<meta name=\"twitter:data1\" content=\"1 minute\" \/>\n<script type=\"application\/ld+json\" class=\"yoast-schema-graph\">{\"@context\":\"https:\/\/schema.org\",\"@graph\":[{\"@type\":\"WebPage\",\"@id\":\"https:\/\/www.majri.louisst.o2switch.site\/ddg\/mentions-legal\/\",\"url\":\"https:\/\/www.majri.louisst.o2switch.site\/ddg\/mentions-legal\/\",\"name\":\"Mentions l\u00e9gal -\",\"isPartOf\":{\"@id\":\"https:\/\/www.majri.louisst.o2switch.site\/ddg\/#website\"},\"datePublished\":\"2025-10-01T14:11:27+00:00\",\"dateModified\":\"2025-10-02T08:18:26+00:00\",\"breadcrumb\":{\"@id\":\"https:\/\/www.majri.louisst.o2switch.site\/ddg\/mentions-legal\/#breadcrumb\"},\"inLanguage\":\"fr-FR\",\"potentialAction\":[{\"@type\":\"ReadAction\",\"target\":[\"https:\/\/www.majri.louisst.o2switch.site\/ddg\/mentions-legal\/\"]}]},{\"@type\":\"BreadcrumbList\",\"@id\":\"https:\/\/www.majri.louisst.o2switch.site\/ddg\/mentions-legal\/#breadcrumb\",\"itemListElement\":[{\"@type\":\"ListItem\",\"position\":1,\"name\":\"Accueil\",\"item\":\"https:\/\/www.majri.louisst.o2switch.site\/ddg\/\"},{\"@type\":\"ListItem\",\"position\":2,\"name\":\"Mentions l\u00e9gal\"}]},{\"@type\":\"WebSite\",\"@id\":\"https:\/\/www.majri.louisst.o2switch.site\/ddg\/#website\",\"url\":\"https:\/\/www.majri.louisst.o2switch.site\/ddg\/\",\"name\":\"\",\"description\":\"Les meilleurs lyonnaiseries de la ville !\",\"potentialAction\":[{\"@type\":\"SearchAction\",\"target\":{\"@type\":\"EntryPoint\",\"urlTemplate\":\"https:\/\/www.majri.louisst.o2switch.site\/ddg\/?s={search_term_string}\"},\"query-input\":{\"@type\":\"PropertyValueSpecification\",\"valueRequired\":true,\"valueName\":\"search_term_string\"}}],\"inLanguage\":\"fr-FR\"}]}<\/script>\n<!-- \/ Yoast SEO plugin. -->","yoast_head_json":{"title":"Mentions l\u00e9gal -","robots":{"index":"index","follow":"follow","max-snippet":"max-snippet:-1","max-image-preview":"max-image-preview:large","max-video-preview":"max-video-preview:-1"},"canonical":"https:\/\/www.majri.louisst.o2switch.site\/ddg\/mentions-legal\/","og_locale":"fr_FR","og_type":"article","og_title":"Mentions l\u00e9gal -","og_description":"\u00c9diteur du siteD\u00e9lices des G\u00f4nesSARL au capital de 10 000 \u20acRCS Lyon : 254 789 410SIRET : 254 789 410 [&hellip;]","og_url":"https:\/\/www.majri.louisst.o2switch.site\/ddg\/mentions-legal\/","article_modified_time":"2025-10-02T08:18:26+00:00","twitter_card":"summary_large_image","twitter_misc":{"Dur\u00e9e de lecture estim\u00e9e":"1 minute"},"schema":{"@context":"https:\/\/schema.org","@graph":[{"@type":"WebPage","@id":"https:\/\/www.majri.louisst.o2switch.site\/ddg\/mentions-legal\/","url":"https:\/\/www.majri.louisst.o2switch.site\/ddg\/mentions-legal\/","name":"Mentions l\u00e9gal -","isPartOf":{"@id":"https:\/\/www.majri.louisst.o2switch.site\/ddg\/#website"},"datePublished":"2025-10-01T14:11:27+00:00","dateModified":"2025-10-02T08:18:26+00:00","breadcrumb":{"@id":"https:\/\/www.majri.louisst.o2switch.site\/ddg\/mentions-legal\/#breadcrumb"},"inLanguage":"fr-FR","potentialAction":[{"@type":"ReadAction","target":["https:\/\/www.majri.louisst.o2switch.site\/ddg\/mentions-legal\/"]}]},{"@type":"BreadcrumbList","@id":"https:\/\/www.majri.louisst.o2switch.site\/ddg\/mentions-legal\/#breadcrumb","itemListElement":[{"@type":"ListItem","position":1,"name":"Accueil","item":"https:\/\/www.majri.louisst.o2switch.site\/ddg\/"},{"@type":"ListItem","position":2,"name":"Mentions l\u00e9gal"}]},{"@type":"WebSite","@id":"https:\/\/www.majri.louisst.o2switch.site\/ddg\/#website","url":"https:\/\/www.majri.louisst.o2switch.site\/ddg\/","name":"","description":"Les meilleurs lyonnaiseries de la ville !","potentialAction":[{"@type":"SearchAction","target":{"@type":"EntryPoint","urlTemplate":"https:\/\/www.majri.louisst.o2switch.site\/ddg\/?s={search_term_string}"},"query-input":{"@type":"PropertyValueSpecification","valueRequired":true,"valueName":"search_term_string"}}],"inLanguage":"fr-FR"}]}},"uagb_featured_image_src":{"full":false,"thumbnail":false,"medium":false,"medium_large":false,"large":false,"1536x1536":false,"2048x2048":false},"uagb_author_info":{"display_name":"admin","author_link":"https:\/\/www.majri.louisst.o2switch.site\/ddg\/author\/admin\/"},"uagb_comment_info":0,"uagb_excerpt":"\u00c9diteur du siteD\u00e9lices des G\u00f4nesSARL au capital de 10 000 \u20acRCS Lyon : 254 789 410SIRET : 254 789 410 [&hellip;]","_links":{"self":[{"href":"https:\/\/www.majri.louisst.o2switch.site\/ddg\/wp-json\/wp\/v2\/pages\/110","targetHints":{"allow":["GET"]}}],"collection":[{"href":"https:\/\/www.majri.louisst.o2switch.site\/ddg\/wp-json\/wp\/v2\/pages"}],"about":[{"href":"https:\/\/www.majri.louisst.o2switch.site\/ddg\/wp-json\/wp\/v2\/types\/page"}],"author":[{"embeddable":true,"href":"https:\/\/www.majri.louisst.o2switch.site\/ddg\/wp-json\/wp\/v2\/users\/1"}],"replies":[{"embeddable":true,"href":"https:\/\/www.majri.louisst.o2switch.site\/ddg\/wp-json\/wp\/v2\/comments?post=110"}],"version-history":[{"count":4,"href":"https:\/\/www.majri.louisst.o2switch.site\/ddg\/wp-json\/wp\/v2\/pages\/110\/revisions"}],"predecessor-version":[{"id":120,"href":"https:\/\/www.majri.louisst.o2switch.site\/ddg\/wp-json\/wp\/v2\/pages\/110\/revisions\/120"}],"wp:attachment":[{"href":"https:\/\/www.majri.louisst.o2switch.site\/ddg\/wp-json\/wp\/v2\/media?parent=110"}],"curies":[{"name":"wp","href":"https:\/\/api.w.org\/{rel}","templated":true}]}}